{"id":439,"date":"2018-05-23T13:04:21","date_gmt":"2018-05-23T11:04:21","guid":{"rendered":"http:\/\/86.95.73.173\/wordpress\/?page_id=439"},"modified":"2025-07-02T14:21:53","modified_gmt":"2025-07-02T12:21:53","slug":"avg-privacyreglement","status":"publish","type":"page","link":"http:\/\/185.132.111.225\/wordpress\/?page_id=439","title":{"rendered":"AVG privacyreglement,  handboek\/ kwaliteitsstatuut, klachtenregeling"},"content":{"rendered":"<p>\u00a0<\/p>\n<p>Ik ben opnieuw goedgekeurd voor het kwaliteitsstatuut, huidige versie 4.0 (juli 2025).<\/p>\n<p>&#8220;Sinds 2017 hebben we in de ggz in Nederland een kwaliteitsstatuut. Sinds 2022 is versie 3.0 van het Landelijk Kwaliteitsstatuut GGZ (LKS) actief. Alle aanbieders van curatieve ggz, dat wil zeggen ggz binnen de Zorgverzekeringswet, zijn verplicht een goedgekeurd kwaliteitsstatuut te hebben en deze openbaar te maken. Alleen als u geen verzekerde zorg onder de Zorgverzekeringswet levert, hoeft dit niet. Het LKS beschrijft de kwaliteitsnormen waaraan ggz zorgaanbieders moeten voldoen om de zorg voor de individuele pati\u00ebnt in de curatieve ggz te organiseren. Het LKS 3.0 zorgde voor onduidelijkheid en verschillende interpretaties over de inzet van professionals als regiebehandelaar. Daarom is in de afgelopen periode\u00a0 met grote zorg gewerkt aan het LKS 4.0 dat 31 januari 2025\u00a0 ingeschreven is in het register van het Zorginstituut.<strong> Daarmee is het LKS 4.0 de nieuwe standaard. De nieuwe versie wordt gedurende 2025 ingevoerd.&#8221;<\/strong><\/p>\n<p><strong>Privacyreglement<\/strong><\/p>\n<p>Een orthopedagoog is verplicht een dossier aan te leggen met alle gegevens die relevant en noodzakelijk zijn voor de professionele relatie met de cli\u00ebnt. De dossierplicht is vastgelegd in de wet Wgbo en de beroepscode van de Nederlandse vereniging van orthopedagogen (NVO).<\/p>\n<p>Per 25 mei 2018 vervalt de Wet bescherming persoonsgegevens (Wbp) en is de Algemene Verordening Gegevensbescherming (AVG) van toepassing.\u00a0Op grond van de AVG is er geen concrete bewaartermijn voor persoonsgegevens. Organisaties bepalen zelf hoe lang zij persoonsgegevens bewaren, aan de hand van hoe lang de gegevens nodig zijn voor het doel waarvoor ze zijn verzameld of worden gebruikt.<\/p>\n<p><u>Wat veranderde per 25-5-2018<\/u>: \u00a0<span style=\"color: #999999;\">(NVO 6-4-2018)<\/span>\u00a0De Jeugdwet en de Wgbo geven echter een bewaartermijn van 15 jaar. Hierdoor mag men in deze sectoren niet zelf kiezen wat men \u2018nodig\u2019 vindt. In de NVO Beroepscode is alle relevante specifieke wetgeving (uit de Jeugdwet en de Wgbo) \u00a0overgenomen. <strong><em>Dit betekent dat er door de AVG nauwelijks iets verandert in de relatie tussen cli\u00ebnt en orthopedagoog: beroepsgeheim, dossierrechten, positie gezaghebbende ouders, al deze zaken blijven ongewijzigd. Met \u00e9\u00e9n uitzondering: als een orthopedagoog toestemming aan een cli\u00ebnt vraagt voor het delen van informatie met anderen, dan moet de orthopedagoog daarbij vermelden dat de cli\u00ebnt zijn toestemming (voor de toekomst) altijd weer in kan trekken<\/em><\/strong>. Deze verplichting staat niet in de NVO Beroepscode maar moet op grond van de AVG wel door orthopedagogen worden nageleefd. Daarnaast geldt dat de AVG nog meer dan de huidige wetgeving er aan hecht dat orthopedagogen hun cli\u00ebnten bij de start van het traject\u00a0 goed informeren over het doel van dossiervorming, de gegevens die daarin worden opgenomen en de rechten die cli\u00ebnten kunnen uitoefenen.<br \/>U vindt het privacyreglement van Elevare hier: <a href=\"http:\/\/86.95.73.173\/wordpress\/wp-content\/uploads\/2018\/05\/AVGprivacyverklaring-mei2018.docx\"><u>privacyreglement-Elevare.<\/u><\/a><\/p>\n<p>Voor meer informatie over de AVG, klikt u hier:\u00a0<u><\/u><u><a href=\"https:\/\/www.autoriteitpersoonsgegevens.nl\/nl\/onderwerpen\/avg-nieuwe-europese-privacywetgeving\">https:\/\/www.autoriteitpersoonsgegevens.nl\/nl\/onderwerpen\/avg-nieuwe-europese-privacywetgeving<\/a><\/u><\/p>\n<p>Het handboek (concept) \/ kwaliteitsstatuut is op te vragen via mail.<\/p>\n<p>U kunt met eventuele klachten terecht bij de beroepsverenigingen waar ik geregistreerd sta (NVO, SKJ, BIG, NVRG, VEN) maar ik ben ook lid van KlachtenportaalZorg:\u00a0<a href=\"http:\/\/www.klachtenportaalzorg.nl\">http:\/\/www.klachtenportaalzorg.nl<\/a><\/p>\n\n\n<p>&#8220;Bent u ergens ontevreden over, of heeft u een klacht over onze zorg? We gaan graag met u in gesprek en op zoek naar een oplossing. Wilt of kunt u de klacht niet bespreekbaar maken met ons, of wenst u onafhankelijke ondersteuning hierbij, dan kunt contact opnemen met Klachtenportaal Zorg. Klachtenportaal Zorg is een externe organisatie waar we zijn aangesloten om onvrede en klachten over onze zorg te helpen oplossen. Heeft u uw klacht of onvrede opgestuurd, dan beoordeelt Klachtenportaal Zorg of deze voldoet aan de voorwaarden deze in behandeling te nemen en welke procedure erbij past. Als er informatie ontbreekt of onduidelijk is, nemen zij contact met u op om het volledig te maken en ervoor te zorgen dat de klachtenprocedure goed opgestart wordt. Wilt u advies over hoe u om kunt gaan met een situatie waar u ontevreden over bent? Ook dan kunt u contact opnemen met Klachtenportaal Zorg. U start dan nog geen procedure op. Geef uw klacht door met het klachtenformulier op de website van Klachtenportaal Zorg. U kunt ook een e-mail sturen aan <a href=\"mailto:info@klachtenportaalzorg.nl\">info@klachtenportaalzorg.nl<\/a>. Weet u niet welke klachtenprocedure voor u geldt? Ook daar kan Klachtenportaal Zorg u mee helpen. Het doel blijft het oplossen van onvrede en klachten.&#8221;<\/p>\n\n\n\n<p>Hier vindt u de klachtenreglementen Jeugdwet en Wkkgz:<\/p>\n\n\n\n<p><a href=\"https:\/\/klachtenportaalzorg.nl\/wp-content\/uploads\/2024\/12\/2025-Klachtenreglement-Jeugdwet-KPZ.pdf\">2025-Klachtenreglement-Jeugdwet-KPZ.pdf&nbsp;&nbsp;&nbsp;<\/a><\/p>\n\n\n\n<p><a href=\"https:\/\/klachtenportaalzorg.nl\/wp-content\/uploads\/2024\/12\/2025-Klachtenreglement-Wkkgz-KPZ.pdf\">Microsoft Word &#8211; 2025 Klachtenreglement Wkkgz KPZ<\/a><\/p>\n\n\n\n<figure class=\"wp-block-image size-large\"><img loading=\"lazy\" decoding=\"async\" width=\"1024\" height=\"722\" src=\"http:\/\/185.132.111.225\/wordpress\/wp-content\/uploads\/2025\/07\/image-1-1024x722.png\" alt=\"\" class=\"wp-image-15312\" srcset=\"http:\/\/185.132.111.225\/wordpress\/wp-content\/uploads\/2025\/07\/image-1-1024x722.png 1024w, http:\/\/185.132.111.225\/wordpress\/wp-content\/uploads\/2025\/07\/image-1-300x212.png 300w, http:\/\/185.132.111.225\/wordpress\/wp-content\/uploads\/2025\/07\/image-1-150x106.png 150w, http:\/\/185.132.111.225\/wordpress\/wp-content\/uploads\/2025\/07\/image-1-768x542.png 768w, http:\/\/185.132.111.225\/wordpress\/wp-content\/uploads\/2025\/07\/image-1.png 1236w\" sizes=\"auto, (max-width: 1024px) 100vw, 1024px\" \/><\/figure>\n","protected":false},"excerpt":{"rendered":"<p>\u00a0 Ik ben opnieuw goedgekeurd voor het kwaliteitsstatuut, huidige versie 4.0 (juli 2025). &#8220;Sinds 2017 hebben we in de ggz in Nederland een kwaliteitsstatuut. Sinds 2022 is versie 3.0 van het Landelijk Kwaliteitsstatuut GGZ (LKS) actief. Alle aanbieders van curatieve ggz, dat wil zeggen ggz binnen de Zorgverzekeringswet, zijn verplicht een goedgekeurd kwaliteitsstatuut te hebben &hellip; <a href=\"http:\/\/185.132.111.225\/wordpress\/?page_id=439\" class=\"more-link\">Continue reading <span class=\"screen-reader-text\">AVG privacyreglement,  handboek\/ kwaliteitsstatuut, klachtenregeling<\/span><\/a><\/p>\n","protected":false},"author":1,"featured_media":0,"parent":0,"menu_order":0,"comment_status":"closed","ping_status":"closed","template":"","meta":{"footnotes":""},"class_list":["post-439","page","type-page","status-publish","hentry"],"_links":{"self":[{"href":"http:\/\/185.132.111.225\/wordpress\/index.php?rest_route=\/wp\/v2\/pages\/439","targetHints":{"allow":["GET"]}}],"collection":[{"href":"http:\/\/185.132.111.225\/wordpress\/index.php?rest_route=\/wp\/v2\/pages"}],"about":[{"href":"http:\/\/185.132.111.225\/wordpress\/index.php?rest_route=\/wp\/v2\/types\/page"}],"author":[{"embeddable":true,"href":"http:\/\/185.132.111.225\/wordpress\/index.php?rest_route=\/wp\/v2\/users\/1"}],"replies":[{"embeddable":true,"href":"http:\/\/185.132.111.225\/wordpress\/index.php?rest_route=%2Fwp%2Fv2%2Fcomments&post=439"}],"version-history":[{"count":20,"href":"http:\/\/185.132.111.225\/wordpress\/index.php?rest_route=\/wp\/v2\/pages\/439\/revisions"}],"predecessor-version":[{"id":15315,"href":"http:\/\/185.132.111.225\/wordpress\/index.php?rest_route=\/wp\/v2\/pages\/439\/revisions\/15315"}],"wp:attachment":[{"href":"http:\/\/185.132.111.225\/wordpress\/index.php?rest_route=%2Fwp%2Fv2%2Fmedia&parent=439"}],"curies":[{"name":"wp","href":"https:\/\/api.w.org\/{rel}","templated":true}]}}